{"id":2265,"date":"2021-02-23T16:05:35","date_gmt":"2021-02-23T16:05:35","guid":{"rendered":"https:\/\/impression.kunsthausgrenchen.ch\/?page_id=2265"},"modified":"2024-03-08T11:39:36","modified_gmt":"2024-03-08T09:39:36","slug":"__trashed","status":"publish","type":"page","link":"https:\/\/impression.kunsthausgrenchen.ch\/fr\/","title":{"rendered":"Bienvenue"},"content":{"rendered":"<p>[et_pb_section fb_built=\u00a0\u00bb1&Prime; _builder_version=\u00a0\u00bb4.6.5&Prime; _module_preset=\u00a0\u00bbdefault\u00a0\u00bb][et_pb_row column_structure=\u00a0\u00bb1_3,1_3,1_3&Prime; _builder_version=\u00a0\u00bb4.6.5&Prime; _module_preset=\u00a0\u00bbdefault\u00a0\u00bb][et_pb_column type=\u00a0\u00bb1_3&Prime; _builder_version=\u00a0\u00bb4.6.5&Prime; _module_preset=\u00a0\u00bbdefault\u00a0\u00bb][et_pb_text _builder_version=\u00a0\u00bb4.6.5&Prime; _module_preset=\u00a0\u00bb9c45a7c3-a6c4-4e53-876d-8ad7a5736328&Prime;]<\/p>\n<p><strong>Bienvenue sur le portail de candidature \u00e9lectronique de \u00abIMPRESSION \u2013 Exposition de gravure et d\u2019art imprim\u00e9 | Mostra di stampe d&rsquo;arte | Ausstellung f\u00fcr Druckgraphik\u00bb.<\/strong><\/p>\n<p>Le Kunsthaus Grenchen a le plaisir d&rsquo;annoncer la 12<sup>e<\/sup> \u00e9dition de \u00abIMPRESSION \u2013 Exposition de gravure et d\u2019art imprim\u00e9\u00bb (23 ao\u00fbt 2026 \u2013 15 novembre 2026).<\/p>\n<p>[\/et_pb_text][et_pb_accordion closed_toggle_text_color=\u00a0\u00bb#000000&Prime; _builder_version=\u00a0\u00bb4.6.5&Prime; _module_preset=\u00a0\u00bbdefault\u00a0\u00bb toggle_font=\u00a0\u00bbTitillium Web||||||||\u00a0\u00bb closed_toggle_font=\u00a0\u00bbTitillium Web||||||||\u00a0\u00bb body_font=\u00a0\u00bbTitillium Web||||||||\u00a0\u00bb body_text_color=\u00a0\u00bb#000000&Prime; hover_enabled=\u00a0\u00bb0&Prime; custom_css_toggle_title=\u00a0\u00bbborder-bottom: 1px solid black;||padding-bottom: 10px;\u00a0\u00bb border_width_all=\u00a0\u00bb0px\u00a0\u00bb sticky_enabled=\u00a0\u00bb0&Prime;][et_pb_accordion_item open=\u00a0\u00bbon\u00a0\u00bb _builder_version=\u00a0\u00bb4.6.5&Prime; _module_preset=\u00a0\u00bbdefault\u00a0\u00bb custom_css_main_element=\u00a0\u00bbdisplay: none;\u00a0\u00bb][\/et_pb_accordion_item][et_pb_accordion_item title=\u00a0\u00bb\u00c0 propos de l&rsquo;\u00abIMPRESSION\u00bb\u00a0\u00bb open_toggle_text_color=\u00a0\u00bb#000000&Prime; open_toggle_background_color=\u00a0\u00bbrgba(0,0,0,0)\u00a0\u00bb closed_toggle_text_color=\u00a0\u00bb#000000&Prime; closed_toggle_background_color=\u00a0\u00bbrgba(0,0,0,0)\u00a0\u00bb _builder_version=\u00a0\u00bb4.6.5&Prime; _module_preset=\u00a0\u00bbdefault\u00a0\u00bb body_text_color=\u00a0\u00bb#000000&Prime; background_enable_color=\u00a0\u00bboff\u00a0\u00bb custom_margin=\u00a0\u00bb|||0px|false|false\u00a0\u00bb custom_padding=\u00a0\u00bb0px||0px|0px|false|false\u00a0\u00bb hover_enabled=\u00a0\u00bb0&Prime; toggle_text_color=\u00a0\u00bb#000000&Prime; toggle_font=\u00a0\u00bbTitillium Web||||||||\u00a0\u00bb open=\u00a0\u00bboff\u00a0\u00bb sticky_enabled=\u00a0\u00bb0&Prime;]<\/p>\n<p>L\u2019\u00abIMPRESSION \u2013 Exposition de gravure et d\u2019art imprim\u00e9\u00bb est une exposition avec jury qui s\u2019est tenue pour la premi\u00e8re fois en 2008 et qui a lieu tous les deux ans depuis 2013. L\u2019exposition collective nationale, qui est d\u00e9sormais devenue un rendez-vous incontournable, offre un panorama de la cr\u00e9ation graphique actuelle. Les artistes de toute la Suisse sont invit\u00e9s \u00e0 d\u00e9poser leur candidature. Les travaux exp\u00e9rimentaux qui explorent les limites des proc\u00e9d\u00e9s d&rsquo;impression sont tout les bienvenus, de m\u00eame que les travaux r\u00e9alis\u00e9s \u00e0 l&rsquo;aide de m\u00e9thodes d&rsquo;impression classiques.<br \/>Le Kunsthaus Grenchen r\u00e9unit un jury d\u2019experts compos\u00e9 de trois membres qui \u00e9valuent les dossiers re\u00e7us et effectuent une s\u00e9lection. Le Kunsthaus Grenchen est responsable de la conception et de la r\u00e9alisation de l\u2019exposition.<\/p>\n<p>[\/et_pb_accordion_item][\/et_pb_accordion][\/et_pb_column][et_pb_column type=\u00a0\u00bb1_3&Prime; _builder_version=\u00a0\u00bb4.6.5&Prime; _module_preset=\u00a0\u00bbdefault\u00a0\u00bb][et_pb_text _builder_version=\u00a0\u00bb4.6.5&Prime; _module_preset=\u00a0\u00bb9c45a7c3-a6c4-4e53-876d-8ad7a5736328&Prime; hover_enabled=\u00a0\u00bb0&Prime; border_width_bottom=\u00a0\u00bb1px\u00a0\u00bb sticky_enabled=\u00a0\u00bb0&Prime;]<\/p>\n<h5>S&rsquo;enregistrer<\/h5>\n<p>[\/et_pb_text][et_pb_text _builder_version=\u00a0\u00bb4.6.5&Prime; _module_preset=\u00a0\u00bb9c45a7c3-a6c4-4e53-876d-8ad7a5736328&Prime; custom_padding=\u00a0\u00bb||||false|false\u00a0\u00bb hover_enabled=\u00a0\u00bb0&Prime; sticky_enabled=\u00a0\u00bb0&Prime;]<\/p>\n<p>Pour introduire une demande, un compte utilisateur doit \u00eatre disponible. Une adresse \u00e9lectronique valide est requise pour l\u2019inscription. Apr\u00e8s votre inscription, vous recevrez automatiquement un e-mail de confirmation.<\/p>\n<p>[\/et_pb_text][dnxte_button button_text=\u00a0\u00bbRegistrieren\u00a0\u00bb button_link=\u00a0\u00bb\/wp-login.php?action=register&#038;lang=fr\u00a0\u00bb _builder_version=\u00a0\u00bb4.6.5&Prime; _module_preset=\u00a0\u00bb2d7bc31b-6cee-4f6d-958f-f294f9b6f6b7&Prime;][\/dnxte_button][\/et_pb_column][et_pb_column type=\u00a0\u00bb1_3&Prime; _builder_version=\u00a0\u00bb4.6.5&Prime; _module_preset=\u00a0\u00bbdefault\u00a0\u00bb][et_pb_text _builder_version=\u00a0\u00bb4.6.5&Prime; _module_preset=\u00a0\u00bb9c45a7c3-a6c4-4e53-876d-8ad7a5736328&Prime; border_width_bottom=\u00a0\u00bb1px\u00a0\u00bb]<\/p>\n<h5>Se connecter<\/h5>\n<p>[\/et_pb_text][et_pb_text _builder_version=\u00a0\u00bb4.6.5&Prime; _module_preset=\u00a0\u00bb9c45a7c3-a6c4-4e53-876d-8ad7a5736328&Prime;]<\/p>\n<p>Vous avez d\u00e9j\u00e0 un compte ? Connectez-vous ici :<\/p>\n<p>[\/et_pb_text][dnxte_button button_text=\u00a0\u00bbLogin\u00a0\u00bb button_link=\u00a0\u00bb\/wp-login.php?lang=fr\u00a0\u00bb _builder_version=\u00a0\u00bb4.6.5&Prime; _module_preset=\u00a0\u00bb2d7bc31b-6cee-4f6d-958f-f294f9b6f6b7&Prime;][\/dnxte_button][et_pb_text admin_label=\u00a0\u00bb\u00dcberschrift Downloads\u00a0\u00bb _builder_version=\u00a0\u00bb4.6.5&Prime; _module_preset=\u00a0\u00bb9c45a7c3-a6c4-4e53-876d-8ad7a5736328&Prime; custom_margin=\u00a0\u00bb||10px||false|false\u00a0\u00bb border_width_bottom=\u00a0\u00bb1px\u00a0\u00bb use_border_color=\u00a0\u00bboff\u00a0\u00bb border_color=\u00a0\u00bb#ffffff\u00a0\u00bb border_style=\u00a0\u00bbsolid\u00a0\u00bb global_module=\u00a0\u00bb1966&Prime; saved_tabs=\u00a0\u00bball\u00a0\u00bb]<\/p>\n<h5>R\u00e8glements<\/h5>\n<p>[\/et_pb_text][et_pb_text admin_label=\u00a0\u00bbListe Downloads\u00a0\u00bb _builder_version=\u00a0\u00bb4.6.5&Prime; _module_preset=\u00a0\u00bb9c45a7c3-a6c4-4e53-876d-8ad7a5736328&Prime; custom_margin=\u00a0\u00bb||25px||false|false\u00a0\u00bb link_option_url_new_window=\u00a0\u00bbon\u00a0\u00bb link_text_color_last_edited=\u00a0\u00bboff|desktop\u00a0\u00bb global_module=\u00a0\u00bb1968&Prime; saved_tabs=\u00a0\u00bball\u00a0\u00bb locked=\u00a0\u00bboff\u00a0\u00bb filter_opacity__hover_enabled=\u00a0\u00bboff|desktop\u00a0\u00bb filter_opacity__hover=\u00a0\u00bb50%\u00a0\u00bb link_text_color__hover_enabled=\u00a0\u00bbon|hover\u00a0\u00bb link_text_color__hover=\u00a0\u00bbrgba(163,163,163,0.5)\u00a0\u00bb]<\/p>\n<p><a href=\"https:\/\/impression.kunsthausgrenchen.ch\/wp-content\/uploads\/IMPRESSION_24_Appel-a-Candidature_e_Reglement_FR.pdf\" target=\"_blank\" rel=\"noopener\"><i class=\"far fa-file-pdf\"><\/i> R\u00e8glement Fran\u00e7ais<\/a><br \/><a href=\"https:\/\/impression.kunsthausgrenchen.ch\/wp-content\/uploads\/IMPRESSION_24_Ausschreibung_Reglement_DE.pdf\" target=\"_blank\" rel=\"noopener\"><i class=\"far fa-file-pdf\"><\/i> R\u00e8glement Allemand<\/a><br \/>\n<a href=\"https:\/\/impression.kunsthausgrenchen.ch\/wp-content\/uploads\/IMPRESSION_24_Bando-di-concorso_e_Regolamento_IT.pdf\" target=\"_blank\" rel=\"noopener\"><i class=\"far fa-file-pdf\"><\/i> R\u00e8glement Italien<\/a><\/p>\n<p>[\/et_pb_text][\/et_pb_column][\/et_pb_row][\/et_pb_section]<\/p>\n","protected":false},"excerpt":{"rendered":"<p>[et_pb_section fb_built=\u00a0\u00bb1&Prime; _builder_version=\u00a0\u00bb4.6.5&Prime; _module_preset=\u00a0\u00bbdefault\u00a0\u00bb][et_pb_row column_structure=\u00a0\u00bb1_3,1_3,1_3&Prime; _builder_version=\u00a0\u00bb4.6.5&Prime; _module_preset=\u00a0\u00bbdefault\u00a0\u00bb][et_pb_column type=\u00a0\u00bb1_3&Prime; _builder_version=\u00a0\u00bb4.6.5&Prime; _module_preset=\u00a0\u00bbdefault\u00a0\u00bb][et_pb_text _builder_version=\u00a0\u00bb4.6.5&Prime; _module_preset=\u00a0\u00bb9c45a7c3-a6c4-4e53-876d-8ad7a5736328&Prime;] Bienvenue sur le portail de candidature \u00e9lectronique de \u00abIMPRESSION \u2013 Exposition de gravure et d\u2019art imprim\u00e9 | Mostra di stampe d&rsquo;arte | Ausstellung f\u00fcr Druckgraphik\u00bb. Le Kunsthaus Grenchen a le plaisir d&rsquo;annoncer la e \u00e9dition de \u00abIMPRESSION \u2013 Exposition de gravure et d\u2019art [&hellip;]<\/p>\n","protected":false},"author":1,"featured_media":0,"parent":0,"menu_order":0,"comment_status":"closed","ping_status":"closed","template":"","meta":{"_et_pb_use_builder":"on","_et_pb_old_content":"","_et_gb_content_width":"","inline_featured_image":false,"footnotes":""},"class_list":["post-2265","page","type-page","status-publish","hentry"],"acf":[],"_links":{"self":[{"href":"https:\/\/impression.kunsthausgrenchen.ch\/fr\/wp-json\/wp\/v2\/pages\/2265","targetHints":{"allow":["GET"]}}],"collection":[{"href":"https:\/\/impression.kunsthausgrenchen.ch\/fr\/wp-json\/wp\/v2\/pages"}],"about":[{"href":"https:\/\/impression.kunsthausgrenchen.ch\/fr\/wp-json\/wp\/v2\/types\/page"}],"author":[{"embeddable":true,"href":"https:\/\/impression.kunsthausgrenchen.ch\/fr\/wp-json\/wp\/v2\/users\/1"}],"replies":[{"embeddable":true,"href":"https:\/\/impression.kunsthausgrenchen.ch\/fr\/wp-json\/wp\/v2\/comments?post=2265"}],"version-history":[{"count":17,"href":"https:\/\/impression.kunsthausgrenchen.ch\/fr\/wp-json\/wp\/v2\/pages\/2265\/revisions"}],"predecessor-version":[{"id":14104,"href":"https:\/\/impression.kunsthausgrenchen.ch\/fr\/wp-json\/wp\/v2\/pages\/2265\/revisions\/14104"}],"wp:attachment":[{"href":"https:\/\/impression.kunsthausgrenchen.ch\/fr\/wp-json\/wp\/v2\/media?parent=2265"}],"curies":[{"name":"wp","href":"https:\/\/api.w.org\/{rel}","templated":true}]}}