{"id":2267,"date":"2021-02-23T16:35:01","date_gmt":"2021-02-23T16:35:01","guid":{"rendered":"https:\/\/impression.kunsthausgrenchen.ch\/benvenuti\/"},"modified":"2021-04-23T17:02:32","modified_gmt":"2021-04-23T15:02:32","slug":"benvenuti","status":"publish","type":"page","link":"https:\/\/impression.kunsthausgrenchen.ch\/it\/","title":{"rendered":"Benvenuti"},"content":{"rendered":"<p>[et_pb_section fb_built=&#8221;1&#8243; _builder_version=&#8221;4.6.5&#8243; _module_preset=&#8221;default&#8221;][et_pb_row column_structure=&#8221;1_3,1_3,1_3&#8243; _builder_version=&#8221;4.6.5&#8243; _module_preset=&#8221;default&#8221;][et_pb_column type=&#8221;1_3&#8243; _builder_version=&#8221;4.6.5&#8243; _module_preset=&#8221;default&#8221;][et_pb_text _builder_version=&#8221;4.6.5&#8243; _module_preset=&#8221;9c45a7c3-a6c4-4e53-876d-8ad7a5736328&#8243;]<\/p>\n<p><strong>Benvenuti al portale di applicazione elettronica di \u00abIMPRESSION \u2013 Mostra di stampe d\u2019arte | Exposition de gravure et d\u2019art imprim\u00e9 | Ausstellung f\u00fcr Druckgraphik\u00bb.<\/strong><\/p>\n<p><p>Il Kunsthaus Grenchen \u00e8 lieto di annunciare la 12\u00b0 edizione di \u00abIMPRESSION \u2013 Mostra di stampe d\u2019arte\u00bb (23 agosto 2026 \u2013 15 novembre 2026).<\/p>\n<p>[\/et_pb_text][et_pb_accordion closed_toggle_text_color=&#8221;#000000&#8243; _builder_version=&#8221;4.6.5&#8243; _module_preset=&#8221;default&#8221; toggle_font=&#8221;Titillium Web||||||||&#8221; closed_toggle_font=&#8221;Titillium Web||||||||&#8221; body_font=&#8221;Titillium Web||||||||&#8221; body_text_color=&#8221;#000000&#8243; custom_css_toggle_title=&#8221;border-bottom: 1px solid black;||padding-bottom: 10px;&#8221; border_width_all=&#8221;0px&#8221;][et_pb_accordion_item open=&#8221;on&#8221; _builder_version=&#8221;4.6.5&#8243; _module_preset=&#8221;default&#8221; custom_css_main_element=&#8221;display: none;&#8221;][\/et_pb_accordion_item][et_pb_accordion_item title=&#8221;Informazioni su  \u00abIMPRESSION\u00bb&#8221; open_toggle_text_color=&#8221;#000000&#8243; open_toggle_background_color=&#8221;rgba(0,0,0,0)&#8221; closed_toggle_text_color=&#8221;#000000&#8243; closed_toggle_background_color=&#8221;rgba(0,0,0,0)&#8221; _builder_version=&#8221;4.6.5&#8243; _module_preset=&#8221;default&#8221; body_text_color=&#8221;#000000&#8243; background_enable_color=&#8221;off&#8221; custom_margin=&#8221;|||0px|false|false&#8221; custom_padding=&#8221;0px||0px|0px|false|false&#8221; toggle_text_color=&#8221;#000000&#8243; toggle_font=&#8221;Titillium Web||||||||&#8221; open=&#8221;off&#8221;]<\/p>\n<p>La \u00abIMPRESSION \u2013 Mostra di stampe d\u2019arte\u00bb \u00e8 una mostra a giuria che si \u00e8 tenuta per la prima volta nel 2008 e dal 2013 si tiene ogni due anni. La mostra collettiva nazionale, che \u00e8 gi\u00e0 diventata una tradizione, ripercorre la stampa attuale. Gli artisti di tutta la Svizzera sono invitati a candidarsi. Le opere sperimentali che esplorano i confini dei processi di stampa sono altrettanto benvenute quanto le opere prodotte con processi di stampa classici.<br \/>Il Kunsthaus Grenchen riunisce una giuria di esperti composta da tre membri che valuter\u00e0 i dossier ricevuti e far\u00e0 una selezione. Il Kunsthaus Grenchen \u00e8 responsabile della concezione e della realizzazione della mostra.<\/p>\n<p>[\/et_pb_accordion_item][\/et_pb_accordion][\/et_pb_column][et_pb_column type=&#8221;1_3&#8243; _builder_version=&#8221;4.6.5&#8243; _module_preset=&#8221;default&#8221;][et_pb_text _builder_version=&#8221;4.6.5&#8243; _module_preset=&#8221;9c45a7c3-a6c4-4e53-876d-8ad7a5736328&#8243; hover_enabled=&#8221;0&#8243; border_width_bottom=&#8221;1px&#8221; sticky_enabled=&#8221;0&#8243;]<\/p>\n<h5>Registrarsi<\/h5>\n<p>[\/et_pb_text][et_pb_text _builder_version=&#8221;4.6.5&#8243; _module_preset=&#8221;9c45a7c3-a6c4-4e53-876d-8ad7a5736328&#8243; custom_padding=&#8221;||||false|false&#8221; hover_enabled=&#8221;0&#8243; sticky_enabled=&#8221;0&#8243;]<\/p>\n<p>Per inserire una richiesta, un account utente deve essere disponibile. Un indirizzo e-mail valido \u00e8 richiesto per la registrazione. Dopo la registrazione riceverai automaticamente un&#8217;e-mail di conferma.<\/p>\n<p>[\/et_pb_text][dnxte_button button_text=&#8221;Registrarsi&#8221; button_link=&#8221;\/wp-login.php?action=register&#038;lang=it&#8221; _builder_version=&#8221;4.6.5&#8243; _module_preset=&#8221;2d7bc31b-6cee-4f6d-958f-f294f9b6f6b7&#8243;][\/dnxte_button][\/et_pb_column][et_pb_column type=&#8221;1_3&#8243; _builder_version=&#8221;4.6.5&#8243; _module_preset=&#8221;default&#8221;][et_pb_text _builder_version=&#8221;4.6.5&#8243; _module_preset=&#8221;9c45a7c3-a6c4-4e53-876d-8ad7a5736328&#8243; border_width_bottom=&#8221;1px&#8221;]<\/p>\n<h5>Accedi<\/h5>\n<p>[\/et_pb_text][et_pb_text _builder_version=&#8221;4.6.5&#8243; _module_preset=&#8221;9c45a7c3-a6c4-4e53-876d-8ad7a5736328&#8243;]<\/p>\n<p>Hai gi\u00e0 un account? Accedi qui:<\/p>\n<p>[\/et_pb_text][dnxte_button button_text=&#8221;Login&#8221; button_link=&#8221;\/wp-login.php?lang=it&#8221; _builder_version=&#8221;4.6.5&#8243; _module_preset=&#8221;2d7bc31b-6cee-4f6d-958f-f294f9b6f6b7&#8243;][\/dnxte_button][et_pb_text admin_label=&#8221;\u00dcberschrift Downloads&#8221; _builder_version=&#8221;4.6.5&#8243; _module_preset=&#8221;9c45a7c3-a6c4-4e53-876d-8ad7a5736328&#8243; custom_margin=&#8221;||10px||false|false&#8221; border_width_bottom=&#8221;1px&#8221; use_border_color=&#8221;off&#8221; border_color=&#8221;#ffffff&#8221; border_style=&#8221;solid&#8221; global_module=&#8221;1966&#8243; saved_tabs=&#8221;all&#8221;]<\/p>\n<h5>Regolamenti<\/h5>\n<p>[\/et_pb_text][et_pb_text admin_label=&#8221;Liste Downloads&#8221; _builder_version=&#8221;4.6.5&#8243; _module_preset=&#8221;9c45a7c3-a6c4-4e53-876d-8ad7a5736328&#8243; custom_margin=&#8221;||25px||false|false&#8221; link_option_url_new_window=&#8221;on&#8221; link_text_color_last_edited=&#8221;off|desktop&#8221; global_module=&#8221;1968&#8243; saved_tabs=&#8221;all&#8221; locked=&#8221;off&#8221; filter_opacity__hover_enabled=&#8221;off|desktop&#8221; filter_opacity__hover=&#8221;50%&#8221; link_text_color__hover_enabled=&#8221;on|hover&#8221; link_text_color__hover=&#8221;rgba(163,163,163,0.5)&#8221;]<\/p>\n<p><a href=\"https:\/\/impression.kunsthausgrenchen.ch\/wp-content\/uploads\/IMPRESSION_24_Bando-di-concorso_e_Regolamento_IT.pdf\" target=\"_blank\" rel=\"noopener\"><i class=\"far fa-file-pdf\"><\/i> Regolamento Italiano<\/a><br \/>\n<a href=\"https:\/\/impression.kunsthausgrenchen.ch\/wp-content\/uploads\/IMPRESSION_24_Ausschreibung_Reglement_DE.pdf\" target=\"_blank\" rel=\"noopener\"><i class=\"far fa-file-pdf\"><\/i> Regolamento Tedesco<\/a><br \/>\n<a href=\"https:\/\/impression.kunsthausgrenchen.ch\/wp-content\/uploads\/IMPRESSION_24_Appel-a-Candidature_e_Reglement_FR.pdf\" target=\"_blank\" rel=\"noopener\"><i class=\"far fa-file-pdf\"><\/i> Regolamento Francese<\/a><\/p>\n<p>[\/et_pb_text][\/et_pb_column][\/et_pb_row][\/et_pb_section]<\/p>\n","protected":false},"excerpt":{"rendered":"<p>[et_pb_section fb_built=&#8221;1&#8243; _builder_version=&#8221;4.6.5&#8243; _module_preset=&#8221;default&#8221;][et_pb_row column_structure=&#8221;1_3,1_3,1_3&#8243; _builder_version=&#8221;4.6.5&#8243; _module_preset=&#8221;default&#8221;][et_pb_column type=&#8221;1_3&#8243; _builder_version=&#8221;4.6.5&#8243; _module_preset=&#8221;default&#8221;][et_pb_text _builder_version=&#8221;4.6.5&#8243; _module_preset=&#8221;9c45a7c3-a6c4-4e53-876d-8ad7a5736328&#8243;] Benvenuti al portale di applicazione elettronica di \u00abIMPRESSION \u2013 Mostra di stampe d\u2019arte | Exposition de gravure et d\u2019art imprim\u00e9 | Ausstellung f\u00fcr Druckgraphik\u00bb. Il Kunsthaus Grenchen \u00e8 lieto di annunciare la \u00b0 edizione di \u00abIMPRESSION \u2013 Mostra di stampe d\u2019arte\u00bb ( \u2013 [&hellip;]<\/p>\n","protected":false},"author":1,"featured_media":0,"parent":0,"menu_order":0,"comment_status":"closed","ping_status":"closed","template":"","meta":{"_et_pb_use_builder":"on","_et_pb_old_content":"","_et_gb_content_width":"","inline_featured_image":false,"footnotes":""},"class_list":["post-2267","page","type-page","status-publish","hentry"],"acf":[],"_links":{"self":[{"href":"https:\/\/impression.kunsthausgrenchen.ch\/it\/wp-json\/wp\/v2\/pages\/2267","targetHints":{"allow":["GET"]}}],"collection":[{"href":"https:\/\/impression.kunsthausgrenchen.ch\/it\/wp-json\/wp\/v2\/pages"}],"about":[{"href":"https:\/\/impression.kunsthausgrenchen.ch\/it\/wp-json\/wp\/v2\/types\/page"}],"author":[{"embeddable":true,"href":"https:\/\/impression.kunsthausgrenchen.ch\/it\/wp-json\/wp\/v2\/users\/1"}],"replies":[{"embeddable":true,"href":"https:\/\/impression.kunsthausgrenchen.ch\/it\/wp-json\/wp\/v2\/comments?post=2267"}],"version-history":[{"count":18,"href":"https:\/\/impression.kunsthausgrenchen.ch\/it\/wp-json\/wp\/v2\/pages\/2267\/revisions"}],"predecessor-version":[{"id":3505,"href":"https:\/\/impression.kunsthausgrenchen.ch\/it\/wp-json\/wp\/v2\/pages\/2267\/revisions\/3505"}],"wp:attachment":[{"href":"https:\/\/impression.kunsthausgrenchen.ch\/it\/wp-json\/wp\/v2\/media?parent=2267"}],"curies":[{"name":"wp","href":"https:\/\/api.w.org\/{rel}","templated":true}]}}